{"id":10740,"date":"2019-12-08T12:24:09","date_gmt":"2019-12-08T11:24:09","guid":{"rendered":"https:\/\/lucileateliersdesigns.com\/?post_type=product&#038;p=10740"},"modified":"2022-12-14T13:28:45","modified_gmt":"2022-12-14T12:28:45","slug":"magazine-woolez-vous-1","status":"publish","type":"product","link":"https:\/\/lucileateliersdesigns.com\/en\/shop\/magazine-woolez-vous-1\/","title":{"rendered":"Woolez-vous&#8230; ? \u00c9pisode 1 (magazine)"},"content":{"rendered":"<p><strong>Woolez-vous&#8230; souffler ? \u00c9pisode 1 (Magazine)<\/strong><\/p>\n<p><strong>Le premier magazine tricot ind\u00e9pendant en fran\u00e7ais.<\/strong><\/p>\n<p>Dans ce magazine, vous retrouverez :<\/p>\n<ul>\n<li>\u2022 des articles,<\/li>\n<li>\u2022 10 patrons de tricot dont 2 patrons Lucile Ateliers Designs,<\/li>\n<li>\u2022 des interviews,<\/li>\n<li>\u2022 des points techniques,<\/li>\n<li>\u2022 quelques surprises&#8230;<\/li>\n<\/ul>\n<p>Cr\u00e9atrices :<\/p>\n<ul>\n<li>\u2022 Designs : Aur\u00e9lie la Poule, Along avec Ana, Les Tricoteurs Volants, Lucile Ateliers Designs, NCL knits, N\u00e5le, Marie Amelie Designs, Tisserin Coquet.<\/li>\n<li>\u2022 Teinturi\u00e8res : ArcoIris Yarn, T\u00f4t le Matin, La F\u00e9e Fil, Yarn by Simone, Lain&#8217;Amour\u00e9e, Graine de Laine, Maison Corl\u00e8ne, Madelaine et Filibert, Air de Lune.<\/li>\n<\/ul>\n<p>&nbsp;<\/p>\n<p>Informations compl\u00e9mentaires \u00e0 propos du magazine<\/p>\n<p>\u00c9dition : Woolez-vous<\/p>\n<p>Nombre de pages : 148 pages<br \/>\nDimensions : 21.5 x 27.5 cm<br \/>\nImprim\u00e9 sur du papier recycl\u00e9<\/p>\n","protected":false},"excerpt":{"rendered":"<div class=\"product-short\">\n<div class=\"product-short\">\n<div class=\"product-short\">\n<div class=\"product-short\">\n<div class=\"product-short\">\n<h5><strong>Format papier.<\/strong><\/h5>\n<\/div>\n<\/div>\n<\/div>\n<\/div>\n<p>Langue disponible : <strong><img decoding=\"async\" class=\"emoji\" draggable=\"false\" src=\"https:\/\/s.w.org\/images\/core\/emoji\/11\/svg\/1f1eb-1f1f7.svg\" alt=\"&#x1f1eb;&#x1f1f7;\" \/><\/strong><strong>.<\/strong><\/p>\n<p>Le magazine est actuellement en rupture de stock. Vous \u00eates int\u00e9ress\u00e9 ? N&#8217;h\u00e9sitez pas \u00e0 <a href=\"https:\/\/lucileateliersdesigns.com\/contact\/\">me contacter<\/a>.<\/p>\n<\/div>\n","protected":false},"featured_media":10748,"comment_status":"open","ping_status":"closed","template":"","meta":{"_uag_custom_page_level_css":"","site-sidebar-layout":"default","site-content-layout":"","ast-site-content-layout":"default","site-content-style":"default","site-sidebar-style":"default","ast-global-header-display":"","ast-banner-title-visibility":"","ast-main-header-display":"","ast-hfb-above-header-display":"","ast-hfb-below-header-display":"","ast-hfb-mobile-header-display":"","site-post-title":"","ast-breadcrumbs-content":"","ast-featured-img":"","footer-sml-layout":"","ast-disable-related-posts":"","theme-transparent-header-meta":"","adv-header-id-meta":"","stick-header-meta":"","header-above-stick-meta":"","header-main-stick-meta":"","header-below-stick-meta":"","astra-migrate-meta-layouts":"default","ast-page-background-enabled":"default","ast-page-background-meta":{"desktop":{"background-color":"var(--ast-global-color-4)","background-image":"","background-repeat":"repeat","background-position":"center center","background-size":"auto","background-attachment":"scroll","background-type":"","background-media":"","overlay-type":"","overlay-color":"","overlay-opacity":"","overlay-gradient":""},"tablet":{"background-color":"","background-image":"","background-repeat":"repeat","background-position":"center center","background-size":"auto","background-attachment":"scroll","background-type":"","background-media":"","overlay-type":"","overlay-color":"","overlay-opacity":"","overlay-gradient":""},"mobile":{"background-color":"","background-image":"","background-repeat":"repeat","background-position":"center center","background-size":"auto","background-attachment":"scroll","background-type":"","background-media":"","overlay-type":"","overlay-color":"","overlay-opacity":"","overlay-gradient":""}},"ast-content-background-meta":{"desktop":{"background-color":"var(--ast-global-color-5)","background-image":"","background-repeat":"repeat","background-position":"center center","background-size":"auto","background-attachment":"scroll","background-type":"","background-media":"","overlay-type":"","overlay-color":"","overlay-opacity":"","overlay-gradient":""},"tablet":{"background-color":"var(--ast-global-color-5)","background-image":"","background-repeat":"repeat","background-position":"center center","background-size":"auto","background-attachment":"scroll","background-type":"","background-media":"","overlay-type":"","overlay-color":"","overlay-opacity":"","overlay-gradient":""},"mobile":{"background-color":"var(--ast-global-color-5)","background-image":"","background-repeat":"repeat","background-position":"center center","background-size":"auto","background-attachment":"scroll","background-type":"","background-media":"","overlay-type":"","overlay-color":"","overlay-opacity":"","overlay-gradient":""}},"jetpack_publicize_message":"","jetpack_publicize_feature_enabled":true,"jetpack_social_post_already_shared":false,"jetpack_social_options":{"image_generator_settings":{"template":"highway","default_image_id":0,"font":"","enabled":false},"version":2}},"product_brand":[],"product_cat":[550],"product_tag":[556,553],"class_list":{"0":"post-10740","1":"product","2":"type-product","3":"status-publish","4":"has-post-thumbnail","6":"product_cat-livre","7":"product_tag-accessoires","8":"product_tag-livre","9":"product_shipping_class-livre","10":"desktop-align-left","11":"tablet-align-left","12":"mobile-align-left","14":"first","15":"outofstock","16":"shipping-taxable","17":"purchasable","18":"product-type-simple"},"yoast_head":"<!-- This site is optimized with the Yoast SEO plugin v27.5 - https:\/\/yoast.com\/product\/yoast-seo-wordpress\/ -->\n<title>Woolez-vous... ? \u00c9pisode 1 (magazine) - Lucile Ateliers Designs<\/title>\n<meta name=\"description\" content=\"Magazine : premier magazine de tricot ind\u00e9pendant francophone. 10 mod\u00e8les de tricot, des articles, des interviews et quelques surprises.\" \/>\n<meta name=\"robots\" content=\"index, follow, max-snippet:-1, max-image-preview:large, max-video-preview:-1\" \/>\n<link rel=\"canonical\" href=\"https:\/\/lucileateliersdesigns.com\/en\/shop\/magazine-woolez-vous-1\/\" \/>\n<meta name=\"twitter:card\" content=\"summary_large_image\" \/>\n<meta name=\"twitter:title\" content=\"Woolez-vous... ? \u00c9pisode 1 (magazine) - Lucile Ateliers Designs\" \/>\n<meta name=\"twitter:description\" content=\"Magazine : premier magazine de tricot ind\u00e9pendant francophone. 10 mod\u00e8les de tricot, des articles, des interviews et quelques surprises.\" \/>\n<meta name=\"twitter:image\" content=\"https:\/\/i0.wp.com\/lucileateliersdesigns.com\/wp-content\/uploads\/2019\/12\/woolez-vous-mag-1.png?fit=588%2C577&ssl=1\" \/>\n<meta name=\"twitter:label1\" content=\"Est. reading time\" \/>\n\t<meta name=\"twitter:data1\" content=\"1 minute\" \/>\n<script type=\"application\/ld+json\" class=\"yoast-schema-graph\">{\"@context\":\"https:\\\/\\\/schema.org\",\"@graph\":[{\"@type\":\"WebPage\",\"@id\":\"https:\\\/\\\/lucileateliersdesigns.com\\\/en\\\/shop\\\/magazine-woolez-vous-1\\\/\",\"url\":\"https:\\\/\\\/lucileateliersdesigns.com\\\/en\\\/shop\\\/magazine-woolez-vous-1\\\/\",\"name\":\"Woolez-vous... ? \u00c9pisode 1 (magazine) - Lucile Ateliers Designs\",\"isPartOf\":{\"@id\":\"https:\\\/\\\/lucileateliersdesigns.com\\\/en\\\/#website\"},\"primaryImageOfPage\":{\"@id\":\"https:\\\/\\\/lucileateliersdesigns.com\\\/en\\\/shop\\\/magazine-woolez-vous-1\\\/#primaryimage\"},\"image\":{\"@id\":\"https:\\\/\\\/lucileateliersdesigns.com\\\/en\\\/shop\\\/magazine-woolez-vous-1\\\/#primaryimage\"},\"thumbnailUrl\":\"https:\\\/\\\/i0.wp.com\\\/lucileateliersdesigns.com\\\/wp-content\\\/uploads\\\/2019\\\/12\\\/woolez-vous-mag-1.png?fit=588%2C577&ssl=1\",\"datePublished\":\"2019-12-08T11:24:09+00:00\",\"dateModified\":\"2022-12-14T12:28:45+00:00\",\"description\":\"Magazine : premier magazine de tricot ind\u00e9pendant francophone. 10 mod\u00e8les de tricot, des articles, des interviews et quelques surprises.\",\"breadcrumb\":{\"@id\":\"https:\\\/\\\/lucileateliersdesigns.com\\\/en\\\/shop\\\/magazine-woolez-vous-1\\\/#breadcrumb\"},\"inLanguage\":\"en-US\",\"potentialAction\":[{\"@type\":\"ReadAction\",\"target\":[\"https:\\\/\\\/lucileateliersdesigns.com\\\/en\\\/shop\\\/magazine-woolez-vous-1\\\/\"]}]},{\"@type\":\"ImageObject\",\"inLanguage\":\"en-US\",\"@id\":\"https:\\\/\\\/lucileateliersdesigns.com\\\/en\\\/shop\\\/magazine-woolez-vous-1\\\/#primaryimage\",\"url\":\"https:\\\/\\\/i0.wp.com\\\/lucileateliersdesigns.com\\\/wp-content\\\/uploads\\\/2019\\\/12\\\/woolez-vous-mag-1.png?fit=588%2C577&ssl=1\",\"contentUrl\":\"https:\\\/\\\/i0.wp.com\\\/lucileateliersdesigns.com\\\/wp-content\\\/uploads\\\/2019\\\/12\\\/woolez-vous-mag-1.png?fit=588%2C577&ssl=1\",\"width\":588,\"height\":577},{\"@type\":\"BreadcrumbList\",\"@id\":\"https:\\\/\\\/lucileateliersdesigns.com\\\/en\\\/shop\\\/magazine-woolez-vous-1\\\/#breadcrumb\",\"itemListElement\":[{\"@type\":\"ListItem\",\"position\":1,\"name\":\"Accueil\",\"item\":\"https:\\\/\\\/lucileateliersdesigns.com\\\/en\\\/\"},{\"@type\":\"ListItem\",\"position\":2,\"name\":\"Shop\",\"item\":\"https:\\\/\\\/lucileateliersdesigns.com\\\/en\\\/shop\\\/\"},{\"@type\":\"ListItem\",\"position\":3,\"name\":\"Woolez-vous&#8230; ? \u00c9pisode 1 (magazine)\"}]},{\"@type\":\"WebSite\",\"@id\":\"https:\\\/\\\/lucileateliersdesigns.com\\\/en\\\/#website\",\"url\":\"https:\\\/\\\/lucileateliersdesigns.com\\\/en\\\/\",\"name\":\"Lucile Ateliers Designs\",\"description\":\"\",\"publisher\":{\"@id\":\"https:\\\/\\\/lucileateliersdesigns.com\\\/en\\\/#organization\"},\"potentialAction\":[{\"@type\":\"SearchAction\",\"target\":{\"@type\":\"EntryPoint\",\"urlTemplate\":\"https:\\\/\\\/lucileateliersdesigns.com\\\/en\\\/?s={search_term_string}\"},\"query-input\":{\"@type\":\"PropertyValueSpecification\",\"valueRequired\":true,\"valueName\":\"search_term_string\"}}],\"inLanguage\":\"en-US\"},{\"@type\":\"Organization\",\"@id\":\"https:\\\/\\\/lucileateliersdesigns.com\\\/en\\\/#organization\",\"name\":\"Lucile Ateliers Designs\",\"url\":\"https:\\\/\\\/lucileateliersdesigns.com\\\/en\\\/\",\"logo\":{\"@type\":\"ImageObject\",\"inLanguage\":\"en-US\",\"@id\":\"https:\\\/\\\/lucileateliersdesigns.com\\\/en\\\/#\\\/schema\\\/logo\\\/image\\\/\",\"url\":\"https:\\\/\\\/lucileateliersdesigns.com\\\/wp-content\\\/uploads\\\/2018\\\/11\\\/LOGO-MAIL-LAD.png\",\"contentUrl\":\"https:\\\/\\\/lucileateliersdesigns.com\\\/wp-content\\\/uploads\\\/2018\\\/11\\\/LOGO-MAIL-LAD.png\",\"width\":390,\"height\":227,\"caption\":\"Lucile Ateliers Designs\"},\"image\":{\"@id\":\"https:\\\/\\\/lucileateliersdesigns.com\\\/en\\\/#\\\/schema\\\/logo\\\/image\\\/\"},\"sameAs\":[\"https:\\\/\\\/www.facebook.com\\\/Lucile-ateliers-designs-282579842405403\",\"https:\\\/\\\/www.instagram.com\\\/lucileateliersdesigns\",\"https:\\\/\\\/fr.pinterest.com\\\/lucileateliersdesigns\",\"https:\\\/\\\/www.youtube.com\\\/c\\\/lucileateliersdesigns\"]}]}<\/script>\n<!-- \/ Yoast SEO plugin. -->","yoast_head_json":{"title":"Woolez-vous... ? \u00c9pisode 1 (magazine) - Lucile Ateliers Designs","description":"Magazine : premier magazine de tricot ind\u00e9pendant francophone. 10 mod\u00e8les de tricot, des articles, des interviews et quelques surprises.","robots":{"index":"index","follow":"follow","max-snippet":"max-snippet:-1","max-image-preview":"max-image-preview:large","max-video-preview":"max-video-preview:-1"},"canonical":"https:\/\/lucileateliersdesigns.com\/en\/shop\/magazine-woolez-vous-1\/","twitter_card":"summary_large_image","twitter_title":"Woolez-vous... ? \u00c9pisode 1 (magazine) - Lucile Ateliers Designs","twitter_description":"Magazine : premier magazine de tricot ind\u00e9pendant francophone. 10 mod\u00e8les de tricot, des articles, des interviews et quelques surprises.","twitter_image":"https:\/\/i0.wp.com\/lucileateliersdesigns.com\/wp-content\/uploads\/2019\/12\/woolez-vous-mag-1.png?fit=588%2C577&ssl=1","twitter_misc":{"Est. reading time":"1 minute"},"schema":{"@context":"https:\/\/schema.org","@graph":[{"@type":"WebPage","@id":"https:\/\/lucileateliersdesigns.com\/en\/shop\/magazine-woolez-vous-1\/","url":"https:\/\/lucileateliersdesigns.com\/en\/shop\/magazine-woolez-vous-1\/","name":"Woolez-vous... ? \u00c9pisode 1 (magazine) - Lucile Ateliers Designs","isPartOf":{"@id":"https:\/\/lucileateliersdesigns.com\/en\/#website"},"primaryImageOfPage":{"@id":"https:\/\/lucileateliersdesigns.com\/en\/shop\/magazine-woolez-vous-1\/#primaryimage"},"image":{"@id":"https:\/\/lucileateliersdesigns.com\/en\/shop\/magazine-woolez-vous-1\/#primaryimage"},"thumbnailUrl":"https:\/\/i0.wp.com\/lucileateliersdesigns.com\/wp-content\/uploads\/2019\/12\/woolez-vous-mag-1.png?fit=588%2C577&ssl=1","datePublished":"2019-12-08T11:24:09+00:00","dateModified":"2022-12-14T12:28:45+00:00","description":"Magazine : premier magazine de tricot ind\u00e9pendant francophone. 10 mod\u00e8les de tricot, des articles, des interviews et quelques surprises.","breadcrumb":{"@id":"https:\/\/lucileateliersdesigns.com\/en\/shop\/magazine-woolez-vous-1\/#breadcrumb"},"inLanguage":"en-US","potentialAction":[{"@type":"ReadAction","target":["https:\/\/lucileateliersdesigns.com\/en\/shop\/magazine-woolez-vous-1\/"]}]},{"@type":"ImageObject","inLanguage":"en-US","@id":"https:\/\/lucileateliersdesigns.com\/en\/shop\/magazine-woolez-vous-1\/#primaryimage","url":"https:\/\/i0.wp.com\/lucileateliersdesigns.com\/wp-content\/uploads\/2019\/12\/woolez-vous-mag-1.png?fit=588%2C577&ssl=1","contentUrl":"https:\/\/i0.wp.com\/lucileateliersdesigns.com\/wp-content\/uploads\/2019\/12\/woolez-vous-mag-1.png?fit=588%2C577&ssl=1","width":588,"height":577},{"@type":"BreadcrumbList","@id":"https:\/\/lucileateliersdesigns.com\/en\/shop\/magazine-woolez-vous-1\/#breadcrumb","itemListElement":[{"@type":"ListItem","position":1,"name":"Accueil","item":"https:\/\/lucileateliersdesigns.com\/en\/"},{"@type":"ListItem","position":2,"name":"Shop","item":"https:\/\/lucileateliersdesigns.com\/en\/shop\/"},{"@type":"ListItem","position":3,"name":"Woolez-vous&#8230; ? \u00c9pisode 1 (magazine)"}]},{"@type":"WebSite","@id":"https:\/\/lucileateliersdesigns.com\/en\/#website","url":"https:\/\/lucileateliersdesigns.com\/en\/","name":"Lucile Ateliers Designs","description":"","publisher":{"@id":"https:\/\/lucileateliersdesigns.com\/en\/#organization"},"potentialAction":[{"@type":"SearchAction","target":{"@type":"EntryPoint","urlTemplate":"https:\/\/lucileateliersdesigns.com\/en\/?s={search_term_string}"},"query-input":{"@type":"PropertyValueSpecification","valueRequired":true,"valueName":"search_term_string"}}],"inLanguage":"en-US"},{"@type":"Organization","@id":"https:\/\/lucileateliersdesigns.com\/en\/#organization","name":"Lucile Ateliers Designs","url":"https:\/\/lucileateliersdesigns.com\/en\/","logo":{"@type":"ImageObject","inLanguage":"en-US","@id":"https:\/\/lucileateliersdesigns.com\/en\/#\/schema\/logo\/image\/","url":"https:\/\/lucileateliersdesigns.com\/wp-content\/uploads\/2018\/11\/LOGO-MAIL-LAD.png","contentUrl":"https:\/\/lucileateliersdesigns.com\/wp-content\/uploads\/2018\/11\/LOGO-MAIL-LAD.png","width":390,"height":227,"caption":"Lucile Ateliers Designs"},"image":{"@id":"https:\/\/lucileateliersdesigns.com\/en\/#\/schema\/logo\/image\/"},"sameAs":["https:\/\/www.facebook.com\/Lucile-ateliers-designs-282579842405403","https:\/\/www.instagram.com\/lucileateliersdesigns","https:\/\/fr.pinterest.com\/lucileateliersdesigns","https:\/\/www.youtube.com\/c\/lucileateliersdesigns"]}]}},"jetpack_publicize_connections":[],"uagb_featured_image_src":{"full":["https:\/\/i0.wp.com\/lucileateliersdesigns.com\/wp-content\/uploads\/2019\/12\/woolez-vous-mag-1.png?fit=588%2C577&ssl=1",588,577,false],"thumbnail":["https:\/\/i0.wp.com\/lucileateliersdesigns.com\/wp-content\/uploads\/2019\/12\/woolez-vous-mag-1.png?resize=150%2C150&ssl=1",150,150,true],"medium":["https:\/\/i0.wp.com\/lucileateliersdesigns.com\/wp-content\/uploads\/2019\/12\/woolez-vous-mag-1.png?fit=300%2C294&ssl=1",300,294,true],"medium_large":["https:\/\/i0.wp.com\/lucileateliersdesigns.com\/wp-content\/uploads\/2019\/12\/woolez-vous-mag-1.png?fit=588%2C577&ssl=1",588,577,true],"large":["https:\/\/i0.wp.com\/lucileateliersdesigns.com\/wp-content\/uploads\/2019\/12\/woolez-vous-mag-1.png?fit=588%2C577&ssl=1",588,577,true],"1536x1536":["https:\/\/i0.wp.com\/lucileateliersdesigns.com\/wp-content\/uploads\/2019\/12\/woolez-vous-mag-1.png?fit=588%2C577&ssl=1",588,577,true],"2048x2048":["https:\/\/i0.wp.com\/lucileateliersdesigns.com\/wp-content\/uploads\/2019\/12\/woolez-vous-mag-1.png?fit=588%2C577&ssl=1",588,577,true],"woocommerce_thumbnail":["https:\/\/i0.wp.com\/lucileateliersdesigns.com\/wp-content\/uploads\/2019\/12\/woolez-vous-mag-1.png?resize=300%2C300&ssl=1",300,300,true],"woocommerce_single":["https:\/\/i0.wp.com\/lucileateliersdesigns.com\/wp-content\/uploads\/2019\/12\/woolez-vous-mag-1.png?fit=588%2C577&ssl=1",588,577,true],"woocommerce_gallery_thumbnail":["https:\/\/i0.wp.com\/lucileateliersdesigns.com\/wp-content\/uploads\/2019\/12\/woolez-vous-mag-1.png?resize=100%2C100&ssl=1",100,100,true],"variation_swatches_image_size":["https:\/\/i0.wp.com\/lucileateliersdesigns.com\/wp-content\/uploads\/2019\/12\/woolez-vous-mag-1.png?resize=50%2C50&ssl=1",50,50,true],"variation_swatches_tooltip_size":["https:\/\/i0.wp.com\/lucileateliersdesigns.com\/wp-content\/uploads\/2019\/12\/woolez-vous-mag-1.png?resize=100%2C100&ssl=1",100,100,true]},"uagb_author_info":{"display_name":"Lucile, fondatrice de Lucile Ateliers Designs","author_link":"https:\/\/lucileateliersdesigns.com\/en\/author\/"},"uagb_comment_info":0,"uagb_excerpt":"Format papier. Langue disponible : . Le magazine est actuellement en rupture de stock. Vous \u00eates int\u00e9ress\u00e9 ? N'h\u00e9sitez pas \u00e0 me contacter.","jetpack_likes_enabled":true,"jetpack_sharing_enabled":true,"_links":{"self":[{"href":"https:\/\/lucileateliersdesigns.com\/en\/wp-json\/wp\/v2\/product\/10740","targetHints":{"allow":["GET"]}}],"collection":[{"href":"https:\/\/lucileateliersdesigns.com\/en\/wp-json\/wp\/v2\/product"}],"about":[{"href":"https:\/\/lucileateliersdesigns.com\/en\/wp-json\/wp\/v2\/types\/product"}],"replies":[{"embeddable":true,"href":"https:\/\/lucileateliersdesigns.com\/en\/wp-json\/wp\/v2\/comments?post=10740"}],"wp:featuredmedia":[{"embeddable":true,"href":"https:\/\/lucileateliersdesigns.com\/en\/wp-json\/wp\/v2\/media\/10748"}],"wp:attachment":[{"href":"https:\/\/lucileateliersdesigns.com\/en\/wp-json\/wp\/v2\/media?parent=10740"}],"wp:term":[{"taxonomy":"product_brand","embeddable":true,"href":"https:\/\/lucileateliersdesigns.com\/en\/wp-json\/wp\/v2\/product_brand?post=10740"},{"taxonomy":"product_cat","embeddable":true,"href":"https:\/\/lucileateliersdesigns.com\/en\/wp-json\/wp\/v2\/product_cat?post=10740"},{"taxonomy":"product_tag","embeddable":true,"href":"https:\/\/lucileateliersdesigns.com\/en\/wp-json\/wp\/v2\/product_tag?post=10740"}],"curies":[{"name":"wp","href":"https:\/\/api.w.org\/{rel}","templated":true}]}}