{"id":18428,"date":"2020-04-07T13:33:17","date_gmt":"2020-04-07T12:33:17","guid":{"rendered":"https:\/\/lucileateliersdesigns.com\/faq\/"},"modified":"2024-05-14T23:04:10","modified_gmt":"2024-05-14T22:04:10","slug":"faq","status":"publish","type":"page","link":"https:\/\/lucileateliersdesigns.com\/en\/faq\/","title":{"rendered":"FAQ"},"content":{"rendered":"<div class=\"wp-block-uagb-faq uagb-faq__outer-wrap uagb-block-27199fdd uagb-faq-icon-row uagb-faq-layout-accordion uagb-faq-expand-first-true uagb-faq-inactive-other-true uagb-faq__wrap uagb-buttons-layout-wrap uagb-faq-equal-height     \" data-faqtoggle=\"true\" role=\"tablist\"><div class=\"wp-block-uagb-faq-child uagb-faq-child__outer-wrap uagb-faq-item uagb-block-7966a431 \" role=\"tab\" tabindex=\"0\"><div class=\"uagb-faq-questions-button uagb-faq-questions\">\t\t\t<span class=\"uagb-icon uagb-faq-icon-wrap\">\n\t\t\t\t\t\t\t\t<svg xmlns=\"https:\/\/www.w3.org\/2000\/svg\" viewBox= \"0 0 448 512\"><path d=\"M432 256c0 17.69-14.33 32.01-32 32.01H256v144c0 17.69-14.33 31.99-32 31.99s-32-14.3-32-31.99v-144H48c-17.67 0-32-14.32-32-32.01s14.33-31.99 32-31.99H192v-144c0-17.69 14.33-32.01 32-32.01s32 14.32 32 32.01v144h144C417.7 224 432 238.3 432 256z\"><\/path><\/svg>\n\t\t\t\t\t\t\t<\/span>\n\t\t\t\t\t\t<span class=\"uagb-icon-active uagb-faq-icon-wrap\">\n\t\t\t\t\t\t\t\t<svg xmlns=\"https:\/\/www.w3.org\/2000\/svg\" viewBox= \"0 0 448 512\"><path d=\"M400 288h-352c-17.69 0-32-14.32-32-32.01s14.31-31.99 32-31.99h352c17.69 0 32 14.3 32 31.99S417.7 288 400 288z\"><\/path><\/svg>\n\t\t\t\t\t\t\t<\/span>\n\t\t\t<span class=\"uagb-question\">J&#8217;ai besoin d&#8217;aide sur un patron ou souhaite signaler une coquille. O\u00f9 m&#8217;adresser ?<\/span><\/div><div class=\"uagb-faq-content\"><p>Les patrons sont r\u00e9dig\u00e9s avec le plus grand soin et sont test\u00e9s afin de vous assurer de leur faisabilit\u00e9. Cependant, l&#8217;erreur est humaine et nous sommes toujours reconnaissants lorsque vous nous signalez un souci.<br>Vous pouvez aussi avoir un doute sur ce qui est indiqu\u00e9.<br>Pour cela, nous vous invitons \u00e0 nous adresser un email \u00e0 <strong>support@lucileateliersdesigns.com<\/strong> (adresse que vous pouvez retrouver dans nos patrons).<br>En effet, c&#8217;est seulement via cet email que nous r\u00e9pondrons \u00e0 vos questions (<strong>ne pas \u00e9crire sur Ravelry ou les r\u00e9seaux sociaux<\/strong>).<br>Merci de v\u00e9rifier que vous avez bien la derni\u00e8re version du patron (vous recevez un email \u00e0 chaque mise \u00e0 jour) et que vous n&#8217;avez pas vu de corrections sur la <a href=\"https:\/\/lucileateliersdesigns.com\/erratum\/\">page d&#8217;erratum<\/a> (pour les impressions).<br>Prenez en compte que nous ne proposons de support que pour les patrons Lucile Ateliers Designs. Pour les autres designers et marques, merci de vous adresser directement \u00e0 eux.<\/p><\/div><\/div><div class=\"wp-block-uagb-faq-child uagb-faq-child__outer-wrap uagb-faq-item uagb-block-96e4b4b1 \" role=\"tab\" tabindex=\"0\"><div class=\"uagb-faq-questions-button uagb-faq-questions\">\t\t\t<span class=\"uagb-icon uagb-faq-icon-wrap\">\n\t\t\t\t\t\t\t\t<svg xmlns=\"https:\/\/www.w3.org\/2000\/svg\" viewBox= \"0 0 448 512\"><path d=\"M432 256c0 17.69-14.33 32.01-32 32.01H256v144c0 17.69-14.33 31.99-32 31.99s-32-14.3-32-31.99v-144H48c-17.67 0-32-14.32-32-32.01s14.33-31.99 32-31.99H192v-144c0-17.69 14.33-32.01 32-32.01s32 14.32 32 32.01v144h144C417.7 224 432 238.3 432 256z\"><\/path><\/svg>\n\t\t\t\t\t\t\t<\/span>\n\t\t\t\t\t\t<span class=\"uagb-icon-active uagb-faq-icon-wrap\">\n\t\t\t\t\t\t\t\t<svg xmlns=\"https:\/\/www.w3.org\/2000\/svg\" viewBox= \"0 0 448 512\"><path d=\"M400 288h-352c-17.69 0-32-14.32-32-32.01s14.31-31.99 32-31.99h352c17.69 0 32 14.3 32 31.99S417.7 288 400 288z\"><\/path><\/svg>\n\t\t\t\t\t\t\t<\/span>\n\t\t\t<span class=\"uagb-question\">Comment choisir ma taille dans un patron ?<\/span><\/div><div class=\"uagb-faq-content\"><p>La plupart de nos patrons inclut diff\u00e9rentes tailles. Il vous faudra choisir celle qui vous correspond.<br>Que ce soit pour un accessoire ou un v\u00eatement, nous indiquons toujours une aisance recommand\u00e9e pour porter votre tricot.<br>&#x25b6; Une <em>aisance positive<\/em> signifie que votre tricot sera plus grand que votre mesure de corps r\u00e9elle. Plus l&#8217;aisance est grande, plus le tricot sera ample.<br>&#x25b6; Une <em>aisance n\u00e9gative<\/em> signifie que votre tricot sera plus petit que votre mesure de corps r\u00e9elle. Plus l&#8217;aisance est petite, plus le tricot sera moulant.<br>&#x25b6; Une<em> aisance neutre<\/em> (z\u00e9ro) donne un tricot pr\u00e8s du corps.<br><strong>Pour choisir votre taille :<\/strong><br><strong>Mesurez la partie de votre corps<\/strong> \u00e0 laquelle l&#8217;aisance fait r\u00e9f\u00e9rence. Par exemple pour un pull\/gilet, mesurez votre tour de poitrine (n&#8217;h\u00e9sitez pas \u00e0 demander de l&#8217;aide pour une mesure plus juste).<br><strong>Dans le tableau, trouvez la mesure A (mesure d&#8217;aisance) la plus proche \u00e0 votre mesure.<\/strong> Cherchez celle qui est sup\u00e9rieure lorsque vous avez besoin d&#8217;une aisance positive, celle inf\u00e9rieure pour une aisance n\u00e9gative.<br><strong>V\u00e9rifiez l&#8217;aisance :<\/strong> en soustrayant la mesure du tableau \u00e0 votre mesure r\u00e9elle. Si l&#8217;aisance est comprise dans l&#8217;intervalle recommand\u00e9 alors choisissez cette taille. Sinon recalculez avec une autre taille du tableau.<br><em><strong>Exemple avec le cardigan Ariane :<\/strong><\/em><br>Vous mesurez 92 cm de tour de poitrine. La taille sup\u00e9rieure la plus proche fait 99.5 cm : 99.5 &#8211; 93= 7.5 cm. L&#8217;aisance recommand\u00e9e \u00e9tant entre 7 et 10 cm, vous pouvez choisir cette taille.<br>\u00a0<br><strong>Vous \u00eates entre deux tailles ?<\/strong> D\u00e9terminez si vous souhaitez un v\u00eatement qui sera plut\u00f4t ample ou plut\u00f4t pr\u00e8s du corps en choisissant la taille au-dessus ou celle en-dessous.<br>Vous pouvez aussi regarder les autres mesures pour vous donner une id\u00e9e. Le tour de bras est une bonne mesure \u00e0 prendre en compte pour d\u00e9terminer son choix de taille.<br>N&#8217;h\u00e9sitez pas aussi \u00e0 modifier nos patrons \u00e0 votre guise  ! Selon nous, un patron est un support de base, un point de d\u00e9part \u00e0 partir duquel vous pouvez vous en \u00e9carter \u00e0 loisir pour cr\u00e9er vos propres tricots \ud83d\ude42<br>\u00a0<\/p><\/div><\/div><div class=\"wp-block-uagb-faq-child uagb-faq-child__outer-wrap uagb-faq-item uagb-block-26db814d \" role=\"tab\" tabindex=\"0\"><div class=\"uagb-faq-questions-button uagb-faq-questions\">\t\t\t<span class=\"uagb-icon uagb-faq-icon-wrap\">\n\t\t\t\t\t\t\t\t<svg xmlns=\"https:\/\/www.w3.org\/2000\/svg\" viewBox= \"0 0 448 512\"><path d=\"M432 256c0 17.69-14.33 32.01-32 32.01H256v144c0 17.69-14.33 31.99-32 31.99s-32-14.3-32-31.99v-144H48c-17.67 0-32-14.32-32-32.01s14.33-31.99 32-31.99H192v-144c0-17.69 14.33-32.01 32-32.01s32 14.32 32 32.01v144h144C417.7 224 432 238.3 432 256z\"><\/path><\/svg>\n\t\t\t\t\t\t\t<\/span>\n\t\t\t\t\t\t<span class=\"uagb-icon-active uagb-faq-icon-wrap\">\n\t\t\t\t\t\t\t\t<svg xmlns=\"https:\/\/www.w3.org\/2000\/svg\" viewBox= \"0 0 448 512\"><path d=\"M400 288h-352c-17.69 0-32-14.32-32-32.01s14.31-31.99 32-31.99h352c17.69 0 32 14.3 32 31.99S417.7 288 400 288z\"><\/path><\/svg>\n\t\t\t\t\t\t\t<\/span>\n\t\t\t<span class=\"uagb-question\">Comment conna\u00eetre le niveau d&#8217;un patron ?<\/span><\/div><div class=\"uagb-faq-content\"><p>Nous faisons le choix de ne pas indiquer de niveau pour nos patrons car cela est tr\u00e8s subjectif.<br>Nous r\u00e9digeons nos patrons de la fa\u00e7on la plus pr\u00e9cise possible et veillons \u00e0 d\u00e9crire toutes les techniques utilis\u00e9es en fin de patron. Le d\u00e9roul\u00e9 se veut le plus p\u00e9dagogique possible, nous concevons nos patrons comme des supports qui vous accompagnent dans la r\u00e9alisation de vos tricots afin que m\u00eame quelqu&#8217;un qui ne connait pas encore toutes les techniques puissent s&#8217;aventurer un peu plus loin.<br>Vous pouvez consulter nos tutos vid\u00e9os <a href=\"https:\/\/lucileateliersdesigns.com\/videos\/\">disponibles ici<\/a> ou encore d&#8217;autres vid\u00e9os disponibles sur internet pour vous aider.<br>Parfois, un patron s\u2019av\u00e9rera un trop grand d\u00e9fi par rapport \u00e0 votre niveau. \u00c0 vous de juger ! Si vous n&#8217;avez pas peur d&#8217;apprendre plein de nouvelles techniques d&#8217;un coup, lancez-vous sur un yoke en rond avec torsades&#8230; Si vous pr\u00e9f\u00e9rez y aller progressivement, choisissez un patron qui vous fera d\u00e9couvrir entre une et deux techniques que vous ne connaissez pas du tout.<br>Les techniques incluses dans nos patrons sont indiqu\u00e9es en description du patron sur <a href=\"https:\/\/www.ravelry.com\/designers\/lucile-ateliers-designs\">Ravelry<\/a> ou sur la page du patron dans l&#8217;<a href=\"https:\/\/lucileateliersdesigns.com\/shop\/\">eshop<\/a>.<\/p><\/div><\/div><div class=\"wp-block-uagb-faq-child uagb-faq-child__outer-wrap uagb-faq-item uagb-block-6034b008 \" role=\"tab\" tabindex=\"0\"><div class=\"uagb-faq-questions-button uagb-faq-questions\">\t\t\t<span class=\"uagb-icon uagb-faq-icon-wrap\">\n\t\t\t\t\t\t\t\t<svg xmlns=\"https:\/\/www.w3.org\/2000\/svg\" viewBox= \"0 0 448 512\"><path d=\"M432 256c0 17.69-14.33 32.01-32 32.01H256v144c0 17.69-14.33 31.99-32 31.99s-32-14.3-32-31.99v-144H48c-17.67 0-32-14.32-32-32.01s14.33-31.99 32-31.99H192v-144c0-17.69 14.33-32.01 32-32.01s32 14.32 32 32.01v144h144C417.7 224 432 238.3 432 256z\"><\/path><\/svg>\n\t\t\t\t\t\t\t<\/span>\n\t\t\t\t\t\t<span class=\"uagb-icon-active uagb-faq-icon-wrap\">\n\t\t\t\t\t\t\t\t<svg xmlns=\"https:\/\/www.w3.org\/2000\/svg\" viewBox= \"0 0 448 512\"><path d=\"M400 288h-352c-17.69 0-32-14.32-32-32.01s14.31-31.99 32-31.99h352c17.69 0 32 14.3 32 31.99S417.7 288 400 288z\"><\/path><\/svg>\n\t\t\t\t\t\t\t<\/span>\n\t\t\t<span class=\"uagb-question\">J&#8217;ai besoin d&#8217;un accompagnement personnalis\u00e9. Comment faire ?<\/span><\/div><div class=\"uagb-faq-content\"><p>Il nous est possible de r\u00e9pondre \u00e0 des probl\u00e8mes d&#8217;impr\u00e9cisions ou de devoir corriger une erreur dans un patron mais nous ne proposons pas d&#8217;accompagnement gratuit tout au long de la r\u00e9alisation d&#8217;un patron. De m\u00eame, nous ne pouvons pas r\u00e9\u00e9crire le patron enti\u00e8rement pour qu&#8217;il corresponde parfaitement \u00e0 vos mensurations.<br>Certaines merceries offrent cette prestation. N&#8217;h\u00e9sitez pas \u00e0 vous rapprocher d&#8217;elles pour conna\u00eetre leurs prix et disponibilit\u00e9s.<\/p><\/div><\/div><div class=\"wp-block-uagb-faq-child uagb-faq-child__outer-wrap uagb-faq-item uagb-block-e44c20b0 \" role=\"tab\" tabindex=\"0\"><div class=\"uagb-faq-questions-button uagb-faq-questions\">\t\t\t<span class=\"uagb-icon uagb-faq-icon-wrap\">\n\t\t\t\t\t\t\t\t<svg xmlns=\"https:\/\/www.w3.org\/2000\/svg\" viewBox= \"0 0 448 512\"><path d=\"M432 256c0 17.69-14.33 32.01-32 32.01H256v144c0 17.69-14.33 31.99-32 31.99s-32-14.3-32-31.99v-144H48c-17.67 0-32-14.32-32-32.01s14.33-31.99 32-31.99H192v-144c0-17.69 14.33-32.01 32-32.01s32 14.32 32 32.01v144h144C417.7 224 432 238.3 432 256z\"><\/path><\/svg>\n\t\t\t\t\t\t\t<\/span>\n\t\t\t\t\t\t<span class=\"uagb-icon-active uagb-faq-icon-wrap\">\n\t\t\t\t\t\t\t\t<svg xmlns=\"https:\/\/www.w3.org\/2000\/svg\" viewBox= \"0 0 448 512\"><path d=\"M400 288h-352c-17.69 0-32-14.32-32-32.01s14.31-31.99 32-31.99h352c17.69 0 32 14.3 32 31.99S417.7 288 400 288z\"><\/path><\/svg>\n\t\t\t\t\t\t\t<\/span>\n\t\t\t<span class=\"uagb-question\">Je souhaite vendre une r\u00e9alisation \u00e0 partir d&#8217;un patron Lucile Ateliers Designs\u2026<\/span><\/div><div class=\"uagb-faq-content\"><p>Sans permission de notre part, <strong>cela est formellement interdit<\/strong>.<br>Nous vous invitons \u00e0 nous envoyer un email \u00e0 : <strong>contact@lucileateliersdesigns.com<\/strong> en expliquant votre d\u00e9marche et en pr\u00e9cisant votre statut professionnel. Nous vous indiquerons sous quelles conditions cela peut se faire. Nous sommes parfaitement en droit de refuser.<br>Tout manquement vous expose \u00e0 des poursuites judiciaires.<\/p><\/div><\/div><\/div>\n<div style=\"height:109px\" aria-hidden=\"true\" class=\"wp-block-spacer\"><\/div>\n\n<div class=\"wp-block-uagb-info-box uagb-block-b917eaa3 uagb-infobox__content-wrap  uagb-infobox-icon-above-title uagb-infobox-image-valign-top\"><div class=\"uagb-ifb-content\"><div class=\"uagb-ifb-title-wrap\"><h4 class=\"uagb-ifb-title\">Did you not find your answer?<\/h4><\/div><div class=\"uagb-ifb-separator\"><\/div><div class=\"uagb-ifb-button-wrapper wp-block-button\"><a href=\"https:\/\/lucileateliersdesigns.com\/en\/contact\/\" class=\"uagb-infobox-cta-link wp-block-button__link\" target=\"_self\" rel=\"noopener noreferrer\" onclick=\"return true;\" alt=\"\"><span class=\"uagb-inline-editing\">Contact us<\/span><\/a><\/div><\/div><\/div>\n\n<div style=\"height:40px\" aria-hidden=\"true\" class=\"wp-block-spacer\"><\/div>\n","protected":false},"excerpt":{"rendered":"","protected":false},"author":182,"featured_media":0,"parent":0,"menu_order":0,"comment_status":"closed","ping_status":"closed","template":"","meta":{"_uag_custom_page_level_css":"","site-sidebar-layout":"no-sidebar","site-content-layout":"","ast-site-content-layout":"normal-width-container","site-content-style":"boxed","site-sidebar-style":"default","ast-global-header-display":"","ast-banner-title-visibility":"","ast-main-header-display":"","ast-hfb-above-header-display":"","ast-hfb-below-header-display":"","ast-hfb-mobile-header-display":"","site-post-title":"","ast-breadcrumbs-content":"","ast-featured-img":"","footer-sml-layout":"","ast-disable-related-posts":"","theme-transparent-header-meta":"","adv-header-id-meta":"","stick-header-meta":"","header-above-stick-meta":"","header-main-stick-meta":"","header-below-stick-meta":"","astra-migrate-meta-layouts":"default","ast-page-background-enabled":"default","ast-page-background-meta":{"desktop":{"background-color":"var(--ast-global-color-4)","background-image":"","background-repeat":"repeat","background-position":"center center","background-size":"auto","background-attachment":"scroll","background-type":"","background-media":"","overlay-type":"","overlay-color":"","overlay-opacity":"","overlay-gradient":""},"tablet":{"background-color":"","background-image":"","background-repeat":"repeat","background-position":"center center","background-size":"auto","background-attachment":"scroll","background-type":"","background-media":"","overlay-type":"","overlay-color":"","overlay-opacity":"","overlay-gradient":""},"mobile":{"background-color":"","background-image":"","background-repeat":"repeat","background-position":"center center","background-size":"auto","background-attachment":"scroll","background-type":"","background-media":"","overlay-type":"","overlay-color":"","overlay-opacity":"","overlay-gradient":""}},"ast-content-background-meta":{"desktop":{"background-color":"var(--ast-global-color-5)","background-image":"","background-repeat":"repeat","background-position":"center center","background-size":"auto","background-attachment":"scroll","background-type":"","background-media":"","overlay-type":"","overlay-color":"","overlay-opacity":"","overlay-gradient":""},"tablet":{"background-color":"var(--ast-global-color-5)","background-image":"","background-repeat":"repeat","background-position":"center center","background-size":"auto","background-attachment":"scroll","background-type":"","background-media":"","overlay-type":"","overlay-color":"","overlay-opacity":"","overlay-gradient":""},"mobile":{"background-color":"var(--ast-global-color-5)","background-image":"","background-repeat":"repeat","background-position":"center center","background-size":"auto","background-attachment":"scroll","background-type":"","background-media":"","overlay-type":"","overlay-color":"","overlay-opacity":"","overlay-gradient":""}},"footnotes":""},"class_list":["post-18428","page","type-page","status-publish","hentry"],"yoast_head":"<!-- This site is optimized with the Yoast SEO plugin v27.5 - https:\/\/yoast.com\/product\/yoast-seo-wordpress\/ -->\n<title>FAQ - Lucile Ateliers Designs<\/title>\n<meta name=\"description\" content=\"FAQ - All the answers to your questions about knitting patterns and everything related to Lucile Ateliers Designs. Frequently Asked Questions.\" \/>\n<meta name=\"robots\" content=\"index, follow, max-snippet:-1, max-image-preview:large, max-video-preview:-1\" \/>\n<link rel=\"canonical\" href=\"https:\/\/lucileateliersdesigns.com\/en\/faq\/\" \/>\n<meta name=\"twitter:card\" content=\"summary_large_image\" \/>\n<meta name=\"twitter:title\" content=\"FAQ - Lucile Ateliers Designs\" \/>\n<meta name=\"twitter:description\" content=\"FAQ - All the answers to your questions about knitting patterns and everything related to Lucile Ateliers Designs. Frequently Asked Questions.\" \/>\n<meta name=\"twitter:label1\" content=\"Est. reading time\" \/>\n\t<meta name=\"twitter:data1\" content=\"4 minutes\" \/>\n<script type=\"application\/ld+json\" class=\"yoast-schema-graph\">{\"@context\":\"https:\\\/\\\/schema.org\",\"@graph\":[{\"@type\":\"WebPage\",\"@id\":\"https:\\\/\\\/lucileateliersdesigns.com\\\/en\\\/faq\\\/\",\"url\":\"https:\\\/\\\/lucileateliersdesigns.com\\\/en\\\/faq\\\/\",\"name\":\"FAQ - Lucile Ateliers Designs\",\"isPartOf\":{\"@id\":\"https:\\\/\\\/lucileateliersdesigns.com\\\/en\\\/#website\"},\"datePublished\":\"2020-04-07T12:33:17+00:00\",\"dateModified\":\"2024-05-14T22:04:10+00:00\",\"description\":\"FAQ - All the answers to your questions about knitting patterns and everything related to Lucile Ateliers Designs. Frequently Asked Questions.\",\"breadcrumb\":{\"@id\":\"https:\\\/\\\/lucileateliersdesigns.com\\\/en\\\/faq\\\/#breadcrumb\"},\"inLanguage\":\"en-US\",\"potentialAction\":[{\"@type\":\"ReadAction\",\"target\":[\"https:\\\/\\\/lucileateliersdesigns.com\\\/en\\\/faq\\\/\"]}]},{\"@type\":\"BreadcrumbList\",\"@id\":\"https:\\\/\\\/lucileateliersdesigns.com\\\/en\\\/faq\\\/#breadcrumb\",\"itemListElement\":[{\"@type\":\"ListItem\",\"position\":1,\"name\":\"Accueil\",\"item\":\"https:\\\/\\\/lucileateliersdesigns.com\\\/en\\\/\"},{\"@type\":\"ListItem\",\"position\":2,\"name\":\"FAQ\"}]},{\"@type\":\"WebSite\",\"@id\":\"https:\\\/\\\/lucileateliersdesigns.com\\\/en\\\/#website\",\"url\":\"https:\\\/\\\/lucileateliersdesigns.com\\\/en\\\/\",\"name\":\"Lucile Ateliers Designs\",\"description\":\"\",\"publisher\":{\"@id\":\"https:\\\/\\\/lucileateliersdesigns.com\\\/en\\\/#organization\"},\"potentialAction\":[{\"@type\":\"SearchAction\",\"target\":{\"@type\":\"EntryPoint\",\"urlTemplate\":\"https:\\\/\\\/lucileateliersdesigns.com\\\/en\\\/?s={search_term_string}\"},\"query-input\":{\"@type\":\"PropertyValueSpecification\",\"valueRequired\":true,\"valueName\":\"search_term_string\"}}],\"inLanguage\":\"en-US\"},{\"@type\":\"Organization\",\"@id\":\"https:\\\/\\\/lucileateliersdesigns.com\\\/en\\\/#organization\",\"name\":\"Lucile Ateliers Designs\",\"url\":\"https:\\\/\\\/lucileateliersdesigns.com\\\/en\\\/\",\"logo\":{\"@type\":\"ImageObject\",\"inLanguage\":\"en-US\",\"@id\":\"https:\\\/\\\/lucileateliersdesigns.com\\\/en\\\/#\\\/schema\\\/logo\\\/image\\\/\",\"url\":\"https:\\\/\\\/lucileateliersdesigns.com\\\/wp-content\\\/uploads\\\/2018\\\/11\\\/LOGO-MAIL-LAD.png\",\"contentUrl\":\"https:\\\/\\\/lucileateliersdesigns.com\\\/wp-content\\\/uploads\\\/2018\\\/11\\\/LOGO-MAIL-LAD.png\",\"width\":390,\"height\":227,\"caption\":\"Lucile Ateliers Designs\"},\"image\":{\"@id\":\"https:\\\/\\\/lucileateliersdesigns.com\\\/en\\\/#\\\/schema\\\/logo\\\/image\\\/\"},\"sameAs\":[\"https:\\\/\\\/www.facebook.com\\\/Lucile-ateliers-designs-282579842405403\",\"https:\\\/\\\/www.instagram.com\\\/lucileateliersdesigns\",\"https:\\\/\\\/fr.pinterest.com\\\/lucileateliersdesigns\",\"https:\\\/\\\/www.youtube.com\\\/c\\\/lucileateliersdesigns\"]}]}<\/script>\n<!-- \/ Yoast SEO plugin. -->","yoast_head_json":{"title":"FAQ - Lucile Ateliers Designs","description":"FAQ - All the answers to your questions about knitting patterns and everything related to Lucile Ateliers Designs. Frequently Asked Questions.","robots":{"index":"index","follow":"follow","max-snippet":"max-snippet:-1","max-image-preview":"max-image-preview:large","max-video-preview":"max-video-preview:-1"},"canonical":"https:\/\/lucileateliersdesigns.com\/en\/faq\/","twitter_card":"summary_large_image","twitter_title":"FAQ - Lucile Ateliers Designs","twitter_description":"FAQ - All the answers to your questions about knitting patterns and everything related to Lucile Ateliers Designs. Frequently Asked Questions.","twitter_misc":{"Est. reading time":"4 minutes"},"schema":{"@context":"https:\/\/schema.org","@graph":[{"@type":"WebPage","@id":"https:\/\/lucileateliersdesigns.com\/en\/faq\/","url":"https:\/\/lucileateliersdesigns.com\/en\/faq\/","name":"FAQ - Lucile Ateliers Designs","isPartOf":{"@id":"https:\/\/lucileateliersdesigns.com\/en\/#website"},"datePublished":"2020-04-07T12:33:17+00:00","dateModified":"2024-05-14T22:04:10+00:00","description":"FAQ - All the answers to your questions about knitting patterns and everything related to Lucile Ateliers Designs. Frequently Asked Questions.","breadcrumb":{"@id":"https:\/\/lucileateliersdesigns.com\/en\/faq\/#breadcrumb"},"inLanguage":"en-US","potentialAction":[{"@type":"ReadAction","target":["https:\/\/lucileateliersdesigns.com\/en\/faq\/"]}]},{"@type":"BreadcrumbList","@id":"https:\/\/lucileateliersdesigns.com\/en\/faq\/#breadcrumb","itemListElement":[{"@type":"ListItem","position":1,"name":"Accueil","item":"https:\/\/lucileateliersdesigns.com\/en\/"},{"@type":"ListItem","position":2,"name":"FAQ"}]},{"@type":"WebSite","@id":"https:\/\/lucileateliersdesigns.com\/en\/#website","url":"https:\/\/lucileateliersdesigns.com\/en\/","name":"Lucile Ateliers Designs","description":"","publisher":{"@id":"https:\/\/lucileateliersdesigns.com\/en\/#organization"},"potentialAction":[{"@type":"SearchAction","target":{"@type":"EntryPoint","urlTemplate":"https:\/\/lucileateliersdesigns.com\/en\/?s={search_term_string}"},"query-input":{"@type":"PropertyValueSpecification","valueRequired":true,"valueName":"search_term_string"}}],"inLanguage":"en-US"},{"@type":"Organization","@id":"https:\/\/lucileateliersdesigns.com\/en\/#organization","name":"Lucile Ateliers Designs","url":"https:\/\/lucileateliersdesigns.com\/en\/","logo":{"@type":"ImageObject","inLanguage":"en-US","@id":"https:\/\/lucileateliersdesigns.com\/en\/#\/schema\/logo\/image\/","url":"https:\/\/lucileateliersdesigns.com\/wp-content\/uploads\/2018\/11\/LOGO-MAIL-LAD.png","contentUrl":"https:\/\/lucileateliersdesigns.com\/wp-content\/uploads\/2018\/11\/LOGO-MAIL-LAD.png","width":390,"height":227,"caption":"Lucile Ateliers Designs"},"image":{"@id":"https:\/\/lucileateliersdesigns.com\/en\/#\/schema\/logo\/image\/"},"sameAs":["https:\/\/www.facebook.com\/Lucile-ateliers-designs-282579842405403","https:\/\/www.instagram.com\/lucileateliersdesigns","https:\/\/fr.pinterest.com\/lucileateliersdesigns","https:\/\/www.youtube.com\/c\/lucileateliersdesigns"]}]}},"uagb_featured_image_src":{"full":false,"thumbnail":false,"medium":false,"medium_large":false,"large":false,"1536x1536":false,"2048x2048":false,"woocommerce_thumbnail":false,"woocommerce_single":false,"woocommerce_gallery_thumbnail":false,"variation_swatches_image_size":false,"variation_swatches_tooltip_size":false},"uagb_author_info":{"display_name":"Lucile, fondatrice de Lucile Ateliers Designs","author_link":"https:\/\/lucileateliersdesigns.com\/en\/author\/lucile_ad_714\/"},"uagb_comment_info":0,"uagb_excerpt":null,"jetpack_likes_enabled":true,"jetpack_sharing_enabled":true,"_links":{"self":[{"href":"https:\/\/lucileateliersdesigns.com\/en\/wp-json\/wp\/v2\/pages\/18428","targetHints":{"allow":["GET"]}}],"collection":[{"href":"https:\/\/lucileateliersdesigns.com\/en\/wp-json\/wp\/v2\/pages"}],"about":[{"href":"https:\/\/lucileateliersdesigns.com\/en\/wp-json\/wp\/v2\/types\/page"}],"author":[{"embeddable":true,"href":"https:\/\/lucileateliersdesigns.com\/en\/wp-json\/wp\/v2\/users\/182"}],"replies":[{"embeddable":true,"href":"https:\/\/lucileateliersdesigns.com\/en\/wp-json\/wp\/v2\/comments?post=18428"}],"version-history":[{"count":0,"href":"https:\/\/lucileateliersdesigns.com\/en\/wp-json\/wp\/v2\/pages\/18428\/revisions"}],"wp:attachment":[{"href":"https:\/\/lucileateliersdesigns.com\/en\/wp-json\/wp\/v2\/media?parent=18428"}],"curies":[{"name":"wp","href":"https:\/\/api.w.org\/{rel}","templated":true}]}}